{"id":78,"date":"2020-01-28T18:19:56","date_gmt":"2020-01-28T17:19:56","guid":{"rendered":"http:\/\/sc-muldental.de\/?page_id=78"},"modified":"2022-03-30T12:05:52","modified_gmt":"2022-03-30T11:05:52","slug":"impressum","status":"publish","type":"page","link":"https:\/\/sc-muldental.de\/?page_id=78","title":{"rendered":"Impressum"},"content":{"rendered":"\n<p><\/p>\n\n\n\n<p><strong>Angaben gem\u00e4\u00df \u00a7 5 TMG:<\/strong><\/p>\n\n\n\n<p>Sportclub Muldental e.V.<\/p>\n\n\n\n<p>c\/o Ingo Kubelt<\/p>\n\n\n\n<p>Windm\u00fchlenweg 43<\/p>\n\n\n\n<p>04683 Naunhof<\/p>\n\n\n\n<p><strong>Vertreten durch:<\/strong><\/p>\n\n\n\n<p>Ingo Kubelt<br>\nBeatrice Kubelt<\/p>\n\n\n\n<p><strong>Kontakt:<\/strong><\/p>\n\n\n\n<p>Telefon: 0176\/96984187<\/p>\n\n\n\n<p>E-Mail:sc-muldental@gmx.de<\/p>\n\n\n\n<p><strong>Registereintrag:<\/strong><\/p>\n\n\n\n<p>Eintragung im Vereinsregister.<br>\nRegistergericht: Amtsgericht Leipzig<br>\nRegisternummer: VR 21137<\/p>\n\n\n\n<p><strong>Steuernummer: <\/strong><strong>238\/140\/11976<\/strong><\/p>\n\n\n\n<p>&nbsp;<strong>Verantwortlich f\u00fcr den Inhalt nach \u00a7 55 Abs. 2 RStV:<\/strong><\/p>\n\n\n\n<p>Ingo Kubelt<\/p>\n\n\n\n<p>Die Europ\u00e4ische Kommission stellt eine Plattform zur Online-Streitbeilegung\n(OS) bereit: <a href=\"http:\/\/ec.europa.eu\/consumers\/odr\" target=\"_blank\" rel=\"noreferrer noopener\">http:\/\/ec.europa.eu\/consumers\/odr<\/a><br>\nUnsere E-Mail-Adresse finden Sie oben im Impressum.<\/p>\n\n\n\n<p>Wir sind nicht bereit oder verpflichtet, an Streitbeilegungsverfahren vor\neiner Verbraucherschlichtungsstelle teilzunehmen.<strong><br>\n<\/strong><\/p>\n\n\n\n<p><strong>Haftungsausschluss<\/strong><\/p>\n\n\n\n<p><strong>Haftung f\u00fcr Inhalte<\/strong><\/p>\n\n\n\n<p>Die Inhalte unserer Seiten wurden mit gr\u00f6\u00dfter Sorgfalt erstellt. F\u00fcr die\nRichtigkeit, Vollst\u00e4ndigkeit und Aktualit\u00e4t der Inhalte k\u00f6nnen wir jedoch keine\nGew\u00e4hr \u00fcbernehmen. Als Diensteanbieter sind wir gem\u00e4\u00df \u00a7 7 Abs.1 TMG f\u00fcr eigene\nInhalte auf diesen Seiten nach den allgemeinen Gesetzen verantwortlich. Nach \u00a7\u00a7\n8 bis 10 TMG sind wir als Diensteanbieter jedoch nicht verpflichtet,\n\u00fcbermittelte oder gespeicherte fremde Informationen zu \u00fcberwachen oder nach\nUmst\u00e4nden zu forschen, die auf eine rechtswidrige T\u00e4tigkeit hinweisen.\nVerpflichtungen zur Entfernung oder Sperrung der Nutzung von Informationen nach\nden allgemeinen Gesetzen bleiben hiervon unber\u00fchrt. Eine diesbez\u00fcgliche Haftung\nist jedoch erst ab dem Zeitpunkt der Kenntnis einer konkreten Rechtsverletzung m\u00f6glich.\nBei Bekanntwerden von entsprechenden Rechtsverletzungen werden wir diese\nInhalte umgehend entfernen.<\/p>\n\n\n\n<p><strong>Haftung f\u00fcr Links<\/strong><\/p>\n\n\n\n<p>Unser Angebot enth\u00e4lt Links zu externen Webseiten Dritter, auf deren Inhalte\nwir keinen Einfluss haben. Deshalb k\u00f6nnen wir f\u00fcr diese fremden Inhalte auch\nkeine Gew\u00e4hr \u00fcbernehmen. F\u00fcr die Inhalte der verlinkten Seiten ist stets der\njeweilige Anbieter oder Betreiber der Seiten verantwortlich. Die verlinkten\nSeiten wurden zum Zeitpunkt der Verlinkung auf m\u00f6gliche Rechtsverst\u00f6\u00dfe \u00fcberpr\u00fcft.\nRechtswidrige Inhalte waren zum Zeitpunkt der Verlinkung nicht erkennbar. Eine\npermanente inhaltliche Kontrolle der verlinkten Seiten ist jedoch ohne konkrete\nAnhaltspunkte einer Rechtsverletzung nicht zumutbar. Bei Bekanntwerden von\nRechtsverletzungen werden wir derartige Links umgehend entfernen.<\/p>\n\n\n\n<p><strong>Urheberrecht<\/strong><\/p>\n\n\n\n<p>Die durch die Seitenbetreiber erstellten bzw. verwendeten Inhalte und Werke\nauf diesen Seiten unterliegen dem deutschen Urheberrecht. Die Vervielf\u00e4ltigung,\nBearbeitung, Verbreitung und jede Art der Verwertung au\u00dferhalb der Grenzen des\nUrheberrechtes bed\u00fcrfen der Zustimmung des jeweiligen Autors bzw. Erstellers.\nDownloads und Kopien dieser Seite sind nur f\u00fcr den privaten, nicht\nkommerziellen Gebrauch gestattet. Soweit die Inhalte auf dieser Seite nicht vom\nBetreiber erstellt wurden, werden die Urheberrechte Dritter beachtet.\nInsbesondere werden Inhalte Dritter als solche gekennzeichnet. Sollten Sie\ntrotzdem auf eine Urheberrechtsverletzung aufmerksam werden, bitten wir um\neinen entsprechenden Hinweis. Bei Bekanntwerden von Rechtsverletzungen werden\nwir derartige Inhalte umgehend entfernen.<\/p>\n\n\n\n<p><em>Quelle: <a href=\"https:\/\/www.e-recht24.de\" target=\"_blank\" rel=\"noreferrer noopener\">eRecht24<\/a><\/em><\/p>\n\n\n\n<p><strong>Bildnachweise<\/strong><\/p>\n","protected":false},"excerpt":{"rendered":"<p>Angaben gem\u00e4\u00df \u00a7 5 TMG: Sportclub Muldental e.V. c\/o Ingo Kubelt Windm\u00fchlenweg 43 04683 Naunhof Vertreten durch: Ingo Kubelt Beatrice Kubelt Kontakt: Telefon: 0176\/96984187 E-Mail:sc-muldental@gmx.de Registereintrag: Eintragung im Vereinsregister. Registergericht: Amtsgericht Leipzig Registernummer: VR 21137 Steuernummer: 238\/140\/11976 &nbsp;Verantwortlich f\u00fcr den Inhalt nach \u00a7 55 Abs. 2 RStV: Ingo Kubelt Die Europ\u00e4ische Kommission stellt eine Plattform [&hellip;]<\/p>\n","protected":false},"author":2,"featured_media":0,"parent":0,"menu_order":7,"comment_status":"closed","ping_status":"closed","template":"","meta":{"ngg_post_thumbnail":0,"footnotes":""},"class_list":["post-78","page","type-page","status-publish","hentry"],"yoast_head":"<!-- This site is optimized with the Yoast SEO plugin v27.5 - https:\/\/yoast.com\/product\/yoast-seo-wordpress\/ -->\n<title>Impressum - Sportclub Muldental e.V.<\/title>\n<meta name=\"robots\" content=\"index, follow, max-snippet:-1, max-image-preview:large, max-video-preview:-1\" \/>\n<link rel=\"canonical\" href=\"https:\/\/sc-muldental.de\/?page_id=78\" \/>\n<meta property=\"og:locale\" content=\"de_DE\" \/>\n<meta property=\"og:type\" content=\"article\" \/>\n<meta property=\"og:title\" content=\"Impressum - Sportclub Muldental e.V.\" \/>\n<meta property=\"og:description\" content=\"Angaben gem\u00e4\u00df \u00a7 5 TMG: Sportclub Muldental e.V. c\/o Ingo Kubelt Windm\u00fchlenweg 43 04683 Naunhof Vertreten durch: Ingo Kubelt Beatrice Kubelt Kontakt: Telefon: 0176\/96984187 E-Mail:sc-muldental@gmx.de Registereintrag: Eintragung im Vereinsregister. Registergericht: Amtsgericht Leipzig Registernummer: VR 21137 Steuernummer: 238\/140\/11976 &nbsp;Verantwortlich f\u00fcr den Inhalt nach \u00a7 55 Abs. 2 RStV: Ingo Kubelt Die Europ\u00e4ische Kommission stellt eine Plattform [&hellip;]\" \/>\n<meta property=\"og:url\" content=\"https:\/\/sc-muldental.de\/?page_id=78\" \/>\n<meta property=\"og:site_name\" content=\"Sportclub Muldental e.V.\" \/>\n<meta property=\"article:modified_time\" content=\"2022-03-30T11:05:52+00:00\" \/>\n<meta name=\"twitter:card\" content=\"summary_large_image\" \/>\n<meta name=\"twitter:label1\" content=\"Gesch\u00e4tzte Lesezeit\" \/>\n\t<meta name=\"twitter:data1\" content=\"2\u00a0Minuten\" \/>\n<script type=\"application\/ld+json\" class=\"yoast-schema-graph\">{\"@context\":\"https:\\\/\\\/schema.org\",\"@graph\":[{\"@type\":\"WebPage\",\"@id\":\"https:\\\/\\\/sc-muldental.de\\\/?page_id=78\",\"url\":\"https:\\\/\\\/sc-muldental.de\\\/?page_id=78\",\"name\":\"Impressum - Sportclub Muldental e.V.\",\"isPartOf\":{\"@id\":\"https:\\\/\\\/sc-muldental.de\\\/#website\"},\"datePublished\":\"2020-01-28T17:19:56+00:00\",\"dateModified\":\"2022-03-30T11:05:52+00:00\",\"breadcrumb\":{\"@id\":\"https:\\\/\\\/sc-muldental.de\\\/?page_id=78#breadcrumb\"},\"inLanguage\":\"de\",\"potentialAction\":[{\"@type\":\"ReadAction\",\"target\":[\"https:\\\/\\\/sc-muldental.de\\\/?page_id=78\"]}]},{\"@type\":\"BreadcrumbList\",\"@id\":\"https:\\\/\\\/sc-muldental.de\\\/?page_id=78#breadcrumb\",\"itemListElement\":[{\"@type\":\"ListItem\",\"position\":1,\"name\":\"Startseite\",\"item\":\"https:\\\/\\\/sc-muldental.de\\\/\"},{\"@type\":\"ListItem\",\"position\":2,\"name\":\"Impressum\"}]},{\"@type\":\"WebSite\",\"@id\":\"https:\\\/\\\/sc-muldental.de\\\/#website\",\"url\":\"https:\\\/\\\/sc-muldental.de\\\/\",\"name\":\"Sportclub Muldental e.V.\",\"description\":\"\",\"publisher\":{\"@id\":\"https:\\\/\\\/sc-muldental.de\\\/#organization\"},\"potentialAction\":[{\"@type\":\"SearchAction\",\"target\":{\"@type\":\"EntryPoint\",\"urlTemplate\":\"https:\\\/\\\/sc-muldental.de\\\/?s={search_term_string}\"},\"query-input\":{\"@type\":\"PropertyValueSpecification\",\"valueRequired\":true,\"valueName\":\"search_term_string\"}}],\"inLanguage\":\"de\"},{\"@type\":\"Organization\",\"@id\":\"https:\\\/\\\/sc-muldental.de\\\/#organization\",\"name\":\"Sportclub Muldental e.V.\",\"url\":\"https:\\\/\\\/sc-muldental.de\\\/\",\"logo\":{\"@type\":\"ImageObject\",\"inLanguage\":\"de\",\"@id\":\"https:\\\/\\\/sc-muldental.de\\\/#\\\/schema\\\/logo\\\/image\\\/\",\"url\":\"https:\\\/\\\/sc-muldental.de\\\/wp-content\\\/uploads\\\/2020\\\/05\\\/cropped-Logo-2.jpg\",\"contentUrl\":\"https:\\\/\\\/sc-muldental.de\\\/wp-content\\\/uploads\\\/2020\\\/05\\\/cropped-Logo-2.jpg\",\"width\":847,\"height\":462,\"caption\":\"Sportclub Muldental e.V.\"},\"image\":{\"@id\":\"https:\\\/\\\/sc-muldental.de\\\/#\\\/schema\\\/logo\\\/image\\\/\"}}]}<\/script>\n<!-- \/ Yoast SEO plugin. -->","yoast_head_json":{"title":"Impressum - Sportclub Muldental e.V.","robots":{"index":"index","follow":"follow","max-snippet":"max-snippet:-1","max-image-preview":"max-image-preview:large","max-video-preview":"max-video-preview:-1"},"canonical":"https:\/\/sc-muldental.de\/?page_id=78","og_locale":"de_DE","og_type":"article","og_title":"Impressum - Sportclub Muldental e.V.","og_description":"Angaben gem\u00e4\u00df \u00a7 5 TMG: Sportclub Muldental e.V. c\/o Ingo Kubelt Windm\u00fchlenweg 43 04683 Naunhof Vertreten durch: Ingo Kubelt Beatrice Kubelt Kontakt: Telefon: 0176\/96984187 E-Mail:sc-muldental@gmx.de Registereintrag: Eintragung im Vereinsregister. Registergericht: Amtsgericht Leipzig Registernummer: VR 21137 Steuernummer: 238\/140\/11976 &nbsp;Verantwortlich f\u00fcr den Inhalt nach \u00a7 55 Abs. 2 RStV: Ingo Kubelt Die Europ\u00e4ische Kommission stellt eine Plattform [&hellip;]","og_url":"https:\/\/sc-muldental.de\/?page_id=78","og_site_name":"Sportclub Muldental e.V.","article_modified_time":"2022-03-30T11:05:52+00:00","twitter_card":"summary_large_image","twitter_misc":{"Gesch\u00e4tzte Lesezeit":"2\u00a0Minuten"},"schema":{"@context":"https:\/\/schema.org","@graph":[{"@type":"WebPage","@id":"https:\/\/sc-muldental.de\/?page_id=78","url":"https:\/\/sc-muldental.de\/?page_id=78","name":"Impressum - Sportclub Muldental e.V.","isPartOf":{"@id":"https:\/\/sc-muldental.de\/#website"},"datePublished":"2020-01-28T17:19:56+00:00","dateModified":"2022-03-30T11:05:52+00:00","breadcrumb":{"@id":"https:\/\/sc-muldental.de\/?page_id=78#breadcrumb"},"inLanguage":"de","potentialAction":[{"@type":"ReadAction","target":["https:\/\/sc-muldental.de\/?page_id=78"]}]},{"@type":"BreadcrumbList","@id":"https:\/\/sc-muldental.de\/?page_id=78#breadcrumb","itemListElement":[{"@type":"ListItem","position":1,"name":"Startseite","item":"https:\/\/sc-muldental.de\/"},{"@type":"ListItem","position":2,"name":"Impressum"}]},{"@type":"WebSite","@id":"https:\/\/sc-muldental.de\/#website","url":"https:\/\/sc-muldental.de\/","name":"Sportclub Muldental e.V.","description":"","publisher":{"@id":"https:\/\/sc-muldental.de\/#organization"},"potentialAction":[{"@type":"SearchAction","target":{"@type":"EntryPoint","urlTemplate":"https:\/\/sc-muldental.de\/?s={search_term_string}"},"query-input":{"@type":"PropertyValueSpecification","valueRequired":true,"valueName":"search_term_string"}}],"inLanguage":"de"},{"@type":"Organization","@id":"https:\/\/sc-muldental.de\/#organization","name":"Sportclub Muldental e.V.","url":"https:\/\/sc-muldental.de\/","logo":{"@type":"ImageObject","inLanguage":"de","@id":"https:\/\/sc-muldental.de\/#\/schema\/logo\/image\/","url":"https:\/\/sc-muldental.de\/wp-content\/uploads\/2020\/05\/cropped-Logo-2.jpg","contentUrl":"https:\/\/sc-muldental.de\/wp-content\/uploads\/2020\/05\/cropped-Logo-2.jpg","width":847,"height":462,"caption":"Sportclub Muldental e.V."},"image":{"@id":"https:\/\/sc-muldental.de\/#\/schema\/logo\/image\/"}}]}},"_links":{"self":[{"href":"https:\/\/sc-muldental.de\/index.php?rest_route=\/wp\/v2\/pages\/78","targetHints":{"allow":["GET"]}}],"collection":[{"href":"https:\/\/sc-muldental.de\/index.php?rest_route=\/wp\/v2\/pages"}],"about":[{"href":"https:\/\/sc-muldental.de\/index.php?rest_route=\/wp\/v2\/types\/page"}],"author":[{"embeddable":true,"href":"https:\/\/sc-muldental.de\/index.php?rest_route=\/wp\/v2\/users\/2"}],"replies":[{"embeddable":true,"href":"https:\/\/sc-muldental.de\/index.php?rest_route=%2Fwp%2Fv2%2Fcomments&post=78"}],"version-history":[{"count":3,"href":"https:\/\/sc-muldental.de\/index.php?rest_route=\/wp\/v2\/pages\/78\/revisions"}],"predecessor-version":[{"id":100,"href":"https:\/\/sc-muldental.de\/index.php?rest_route=\/wp\/v2\/pages\/78\/revisions\/100"}],"wp:attachment":[{"href":"https:\/\/sc-muldental.de\/index.php?rest_route=%2Fwp%2Fv2%2Fmedia&parent=78"}],"curies":[{"name":"wp","href":"https:\/\/api.w.org\/{rel}","templated":true}]}}