{"id":111,"date":"2020-01-28T21:10:35","date_gmt":"2020-01-28T20:10:35","guid":{"rendered":"http:\/\/sc-muldental.de\/?page_id=111"},"modified":"2022-11-06T13:06:31","modified_gmt":"2022-11-06T12:06:31","slug":"so-geht-saechsisch","status":"publish","type":"page","link":"https:\/\/sc-muldental.de\/?page_id=111","title":{"rendered":"&#8222;So geht s\u00e4chsisch.&#8220;"},"content":{"rendered":"\n<p><strong>Sportverein wird neuer\nWerbepartner f\u00fcr \u201eSo geht s\u00e4chsisch.\u201c <\/strong><\/p>\n\n\n\n<p><strong>Freistaat Sachsen\nw\u00fcrdigt Engagement<\/strong><\/p>\n\n\n\n<p>Dresden, 04. Juli 2022<\/p>\n\n\n\n<p>Dein Sportverein hat wieder 2022 beim Wettbewerb &#8222;So geht s\u00e4chsisch.&#8220; mitgemacht und gewonnen. Wir sind neben 332 anderen engagierten Vereinen Botschafter im Freistaat Sachsen.<br>Danke an alle, die an der Gestaltung des Bewerbungsfotos mitgewirkt haben.<\/p>\n\n\n\n<p><\/p>\n\n\n\n<p><\/p>\n\n\n\n<figure class=\"wp-block-image size-full\"><img loading=\"lazy\" decoding=\"async\" width=\"555\" height=\"514\" src=\"https:\/\/sc-muldental.de\/wp-content\/uploads\/2022\/11\/grafik.png\" alt=\"\" class=\"wp-image-631\" srcset=\"https:\/\/sc-muldental.de\/wp-content\/uploads\/2022\/11\/grafik.png 555w, https:\/\/sc-muldental.de\/wp-content\/uploads\/2022\/11\/grafik-300x278.png 300w\" sizes=\"auto, (max-width: 555px) 100vw, 555px\" \/><\/figure>\n\n\n\n<p><\/p>\n\n\n\n<p>Der Sportclub Muldental e.V. wird nun f\u00fcr aktuelle Projekte und die Vereinsarbeit sowie f\u00fcr die Umsetzung von aufmerksamkeitsstarken Werbema\u00dfnahmen unter dem Slogan \u201eSo geht s\u00e4chsisch.\u201c vom Freistaat finanziell unterst\u00fctzt.<\/p>\n\n\n\n<p>Eine \u00dcbersicht \u00fcber die Sportvereine, die mit \u201eSo geht s\u00e4chsisch.\u201c werben, ist unter <a href=\"http:\/\/www.so-geht-s\u00e4chsisch.de\">www.so-geht-s\u00e4chsisch.de<\/a> und <a href=\"http:\/\/www.sport-f\u00fcr-sachsen.de\">www.sport-f\u00fcr-sachsen.de<\/a> sowie gleich unter <a href=\"https:\/\/www.so-geht-saechsisch.de\/gewinner-vereinssportwettbewerb\" target=\"_blank\" rel=\"noreferrer noopener\">https:\/\/www.so-geht-saechsisch.de\/gewinner-vereinssportwettbewerb<\/a> zu finden.<\/p>\n","protected":false},"excerpt":{"rendered":"<p>Sportverein wird neuer Werbepartner f\u00fcr \u201eSo geht s\u00e4chsisch.\u201c Freistaat Sachsen w\u00fcrdigt Engagement Dresden, 04. Juli 2022 Dein Sportverein hat wieder 2022 beim Wettbewerb &#8222;So geht s\u00e4chsisch.&#8220; mitgemacht und gewonnen. Wir sind neben 332 anderen engagierten Vereinen Botschafter im Freistaat Sachsen.Danke an alle, die an der Gestaltung des Bewerbungsfotos mitgewirkt haben. Der Sportclub Muldental e.V. wird [&hellip;]<\/p>\n","protected":false},"author":2,"featured_media":0,"parent":0,"menu_order":6,"comment_status":"closed","ping_status":"closed","template":"","meta":{"ngg_post_thumbnail":0,"footnotes":""},"class_list":["post-111","page","type-page","status-publish","hentry"],"yoast_head":"<!-- This site is optimized with the Yoast SEO plugin v27.6 - https:\/\/yoast.com\/product\/yoast-seo-wordpress\/ -->\n<title>&quot;So geht s\u00e4chsisch.&quot; - Sportclub Muldental e.V.<\/title>\n<meta name=\"robots\" content=\"index, follow, max-snippet:-1, max-image-preview:large, max-video-preview:-1\" \/>\n<link rel=\"canonical\" href=\"https:\/\/sc-muldental.de\/?page_id=111\" \/>\n<meta property=\"og:locale\" content=\"de_DE\" \/>\n<meta property=\"og:type\" content=\"article\" \/>\n<meta property=\"og:title\" content=\"&quot;So geht s\u00e4chsisch.&quot; - Sportclub Muldental e.V.\" \/>\n<meta property=\"og:description\" content=\"Sportverein wird neuer Werbepartner f\u00fcr \u201eSo geht s\u00e4chsisch.\u201c Freistaat Sachsen w\u00fcrdigt Engagement Dresden, 04. Juli 2022 Dein Sportverein hat wieder 2022 beim Wettbewerb &#8222;So geht s\u00e4chsisch.&#8220; mitgemacht und gewonnen. Wir sind neben 332 anderen engagierten Vereinen Botschafter im Freistaat Sachsen.Danke an alle, die an der Gestaltung des Bewerbungsfotos mitgewirkt haben. Der Sportclub Muldental e.V. wird [&hellip;]\" \/>\n<meta property=\"og:url\" content=\"https:\/\/sc-muldental.de\/?page_id=111\" \/>\n<meta property=\"og:site_name\" content=\"Sportclub Muldental e.V.\" \/>\n<meta property=\"article:modified_time\" content=\"2022-11-06T12:06:31+00:00\" \/>\n<meta property=\"og:image\" content=\"https:\/\/sc-muldental.de\/wp-content\/uploads\/2022\/11\/grafik.png\" \/>\n<meta name=\"twitter:card\" content=\"summary_large_image\" \/>\n<meta name=\"twitter:label1\" content=\"Gesch\u00e4tzte Lesezeit\" \/>\n\t<meta name=\"twitter:data1\" content=\"1\u00a0Minute\" \/>\n<script type=\"application\/ld+json\" class=\"yoast-schema-graph\">{\"@context\":\"https:\\\/\\\/schema.org\",\"@graph\":[{\"@type\":\"WebPage\",\"@id\":\"https:\\\/\\\/sc-muldental.de\\\/?page_id=111\",\"url\":\"https:\\\/\\\/sc-muldental.de\\\/?page_id=111\",\"name\":\"\\\"So geht s\u00e4chsisch.\\\" - Sportclub Muldental e.V.\",\"isPartOf\":{\"@id\":\"https:\\\/\\\/sc-muldental.de\\\/#website\"},\"primaryImageOfPage\":{\"@id\":\"https:\\\/\\\/sc-muldental.de\\\/?page_id=111#primaryimage\"},\"image\":{\"@id\":\"https:\\\/\\\/sc-muldental.de\\\/?page_id=111#primaryimage\"},\"thumbnailUrl\":\"https:\\\/\\\/sc-muldental.de\\\/wp-content\\\/uploads\\\/2022\\\/11\\\/grafik.png\",\"datePublished\":\"2020-01-28T20:10:35+00:00\",\"dateModified\":\"2022-11-06T12:06:31+00:00\",\"breadcrumb\":{\"@id\":\"https:\\\/\\\/sc-muldental.de\\\/?page_id=111#breadcrumb\"},\"inLanguage\":\"de\",\"potentialAction\":[{\"@type\":\"ReadAction\",\"target\":[\"https:\\\/\\\/sc-muldental.de\\\/?page_id=111\"]}]},{\"@type\":\"ImageObject\",\"inLanguage\":\"de\",\"@id\":\"https:\\\/\\\/sc-muldental.de\\\/?page_id=111#primaryimage\",\"url\":\"https:\\\/\\\/sc-muldental.de\\\/wp-content\\\/uploads\\\/2022\\\/11\\\/grafik.png\",\"contentUrl\":\"https:\\\/\\\/sc-muldental.de\\\/wp-content\\\/uploads\\\/2022\\\/11\\\/grafik.png\",\"width\":555,\"height\":514},{\"@type\":\"BreadcrumbList\",\"@id\":\"https:\\\/\\\/sc-muldental.de\\\/?page_id=111#breadcrumb\",\"itemListElement\":[{\"@type\":\"ListItem\",\"position\":1,\"name\":\"Startseite\",\"item\":\"https:\\\/\\\/sc-muldental.de\\\/\"},{\"@type\":\"ListItem\",\"position\":2,\"name\":\"&#8222;So geht s\u00e4chsisch.&#8220;\"}]},{\"@type\":\"WebSite\",\"@id\":\"https:\\\/\\\/sc-muldental.de\\\/#website\",\"url\":\"https:\\\/\\\/sc-muldental.de\\\/\",\"name\":\"Sportclub Muldental e.V.\",\"description\":\"\",\"publisher\":{\"@id\":\"https:\\\/\\\/sc-muldental.de\\\/#organization\"},\"potentialAction\":[{\"@type\":\"SearchAction\",\"target\":{\"@type\":\"EntryPoint\",\"urlTemplate\":\"https:\\\/\\\/sc-muldental.de\\\/?s={search_term_string}\"},\"query-input\":{\"@type\":\"PropertyValueSpecification\",\"valueRequired\":true,\"valueName\":\"search_term_string\"}}],\"inLanguage\":\"de\"},{\"@type\":\"Organization\",\"@id\":\"https:\\\/\\\/sc-muldental.de\\\/#organization\",\"name\":\"Sportclub Muldental e.V.\",\"url\":\"https:\\\/\\\/sc-muldental.de\\\/\",\"logo\":{\"@type\":\"ImageObject\",\"inLanguage\":\"de\",\"@id\":\"https:\\\/\\\/sc-muldental.de\\\/#\\\/schema\\\/logo\\\/image\\\/\",\"url\":\"https:\\\/\\\/sc-muldental.de\\\/wp-content\\\/uploads\\\/2020\\\/05\\\/cropped-Logo-2.jpg\",\"contentUrl\":\"https:\\\/\\\/sc-muldental.de\\\/wp-content\\\/uploads\\\/2020\\\/05\\\/cropped-Logo-2.jpg\",\"width\":847,\"height\":462,\"caption\":\"Sportclub Muldental e.V.\"},\"image\":{\"@id\":\"https:\\\/\\\/sc-muldental.de\\\/#\\\/schema\\\/logo\\\/image\\\/\"}}]}<\/script>\n<!-- \/ Yoast SEO plugin. -->","yoast_head_json":{"title":"\"So geht s\u00e4chsisch.\" - Sportclub Muldental e.V.","robots":{"index":"index","follow":"follow","max-snippet":"max-snippet:-1","max-image-preview":"max-image-preview:large","max-video-preview":"max-video-preview:-1"},"canonical":"https:\/\/sc-muldental.de\/?page_id=111","og_locale":"de_DE","og_type":"article","og_title":"\"So geht s\u00e4chsisch.\" - Sportclub Muldental e.V.","og_description":"Sportverein wird neuer Werbepartner f\u00fcr \u201eSo geht s\u00e4chsisch.\u201c Freistaat Sachsen w\u00fcrdigt Engagement Dresden, 04. Juli 2022 Dein Sportverein hat wieder 2022 beim Wettbewerb &#8222;So geht s\u00e4chsisch.&#8220; mitgemacht und gewonnen. Wir sind neben 332 anderen engagierten Vereinen Botschafter im Freistaat Sachsen.Danke an alle, die an der Gestaltung des Bewerbungsfotos mitgewirkt haben. Der Sportclub Muldental e.V. wird [&hellip;]","og_url":"https:\/\/sc-muldental.de\/?page_id=111","og_site_name":"Sportclub Muldental e.V.","article_modified_time":"2022-11-06T12:06:31+00:00","og_image":[{"url":"https:\/\/sc-muldental.de\/wp-content\/uploads\/2022\/11\/grafik.png","type":"","width":"","height":""}],"twitter_card":"summary_large_image","twitter_misc":{"Gesch\u00e4tzte Lesezeit":"1\u00a0Minute"},"schema":{"@context":"https:\/\/schema.org","@graph":[{"@type":"WebPage","@id":"https:\/\/sc-muldental.de\/?page_id=111","url":"https:\/\/sc-muldental.de\/?page_id=111","name":"\"So geht s\u00e4chsisch.\" - Sportclub Muldental e.V.","isPartOf":{"@id":"https:\/\/sc-muldental.de\/#website"},"primaryImageOfPage":{"@id":"https:\/\/sc-muldental.de\/?page_id=111#primaryimage"},"image":{"@id":"https:\/\/sc-muldental.de\/?page_id=111#primaryimage"},"thumbnailUrl":"https:\/\/sc-muldental.de\/wp-content\/uploads\/2022\/11\/grafik.png","datePublished":"2020-01-28T20:10:35+00:00","dateModified":"2022-11-06T12:06:31+00:00","breadcrumb":{"@id":"https:\/\/sc-muldental.de\/?page_id=111#breadcrumb"},"inLanguage":"de","potentialAction":[{"@type":"ReadAction","target":["https:\/\/sc-muldental.de\/?page_id=111"]}]},{"@type":"ImageObject","inLanguage":"de","@id":"https:\/\/sc-muldental.de\/?page_id=111#primaryimage","url":"https:\/\/sc-muldental.de\/wp-content\/uploads\/2022\/11\/grafik.png","contentUrl":"https:\/\/sc-muldental.de\/wp-content\/uploads\/2022\/11\/grafik.png","width":555,"height":514},{"@type":"BreadcrumbList","@id":"https:\/\/sc-muldental.de\/?page_id=111#breadcrumb","itemListElement":[{"@type":"ListItem","position":1,"name":"Startseite","item":"https:\/\/sc-muldental.de\/"},{"@type":"ListItem","position":2,"name":"&#8222;So geht s\u00e4chsisch.&#8220;"}]},{"@type":"WebSite","@id":"https:\/\/sc-muldental.de\/#website","url":"https:\/\/sc-muldental.de\/","name":"Sportclub Muldental e.V.","description":"","publisher":{"@id":"https:\/\/sc-muldental.de\/#organization"},"potentialAction":[{"@type":"SearchAction","target":{"@type":"EntryPoint","urlTemplate":"https:\/\/sc-muldental.de\/?s={search_term_string}"},"query-input":{"@type":"PropertyValueSpecification","valueRequired":true,"valueName":"search_term_string"}}],"inLanguage":"de"},{"@type":"Organization","@id":"https:\/\/sc-muldental.de\/#organization","name":"Sportclub Muldental e.V.","url":"https:\/\/sc-muldental.de\/","logo":{"@type":"ImageObject","inLanguage":"de","@id":"https:\/\/sc-muldental.de\/#\/schema\/logo\/image\/","url":"https:\/\/sc-muldental.de\/wp-content\/uploads\/2020\/05\/cropped-Logo-2.jpg","contentUrl":"https:\/\/sc-muldental.de\/wp-content\/uploads\/2020\/05\/cropped-Logo-2.jpg","width":847,"height":462,"caption":"Sportclub Muldental e.V."},"image":{"@id":"https:\/\/sc-muldental.de\/#\/schema\/logo\/image\/"}}]}},"_links":{"self":[{"href":"https:\/\/sc-muldental.de\/index.php?rest_route=\/wp\/v2\/pages\/111","targetHints":{"allow":["GET"]}}],"collection":[{"href":"https:\/\/sc-muldental.de\/index.php?rest_route=\/wp\/v2\/pages"}],"about":[{"href":"https:\/\/sc-muldental.de\/index.php?rest_route=\/wp\/v2\/types\/page"}],"author":[{"embeddable":true,"href":"https:\/\/sc-muldental.de\/index.php?rest_route=\/wp\/v2\/users\/2"}],"replies":[{"embeddable":true,"href":"https:\/\/sc-muldental.de\/index.php?rest_route=%2Fwp%2Fv2%2Fcomments&post=111"}],"version-history":[{"count":5,"href":"https:\/\/sc-muldental.de\/index.php?rest_route=\/wp\/v2\/pages\/111\/revisions"}],"predecessor-version":[{"id":634,"href":"https:\/\/sc-muldental.de\/index.php?rest_route=\/wp\/v2\/pages\/111\/revisions\/634"}],"wp:attachment":[{"href":"https:\/\/sc-muldental.de\/index.php?rest_route=%2Fwp%2Fv2%2Fmedia&parent=111"}],"curies":[{"name":"wp","href":"https:\/\/api.w.org\/{rel}","templated":true}]}}